{"id":4157,"date":"2023-08-18T14:03:25","date_gmt":"2023-08-18T12:03:25","guid":{"rendered":"https:\/\/meinwordpress-ho-2p43k7wofl.live-website.com\/?page_id=4157"},"modified":"2024-10-02T15:31:50","modified_gmt":"2024-10-02T13:31:50","slug":"anmeldung-newsletter","status":"publish","type":"page","link":"https:\/\/suppinger.management\/en\/sign-up-newsletter\/","title":{"rendered":"Newsletter registration"},"content":{"rendered":"\t\t<div data-elementor-type=\"wp-page\" data-elementor-id=\"4157\" class=\"elementor elementor-4157\" data-elementor-post-type=\"page\">\n\t\t\t\t\t\t<section class=\"ob-is-breaking-bad elementor-section elementor-top-section elementor-element elementor-element-fddb70b elementor-section-boxed elementor-section-height-default elementor-section-height-default\" data-id=\"fddb70b\" data-element_type=\"section\" data-e-type=\"section\" data-settings=\"{&quot;_ob_bbad_use_it&quot;:&quot;yes&quot;,&quot;_ob_bbad_sssic_use&quot;:&quot;no&quot;,&quot;_ob_glider_is_slider&quot;:&quot;no&quot;}\">\n\t\t\t\t\t\t<div class=\"elementor-container elementor-column-gap-default\">\n\t\t\t\t\t<div class=\"elementor-column elementor-col-100 elementor-top-column elementor-element elementor-element-da4feb0\" data-id=\"da4feb0\" data-element_type=\"column\" data-e-type=\"column\" data-settings=\"{&quot;_ob_bbad_is_stalker&quot;:&quot;no&quot;,&quot;_ob_teleporter_use&quot;:false,&quot;_ob_column_hoveranimator&quot;:&quot;no&quot;,&quot;_ob_column_has_pseudo&quot;:&quot;no&quot;}\">\n\t\t\t<div class=\"elementor-widget-wrap elementor-element-populated\">\n\t\t\t\t\t\t<div class=\"elementor-element elementor-element-74c7a84 ob-harakiri-inherit ob-has-background-overlay elementor-widget elementor-widget-text-editor\" data-id=\"74c7a84\" data-element_type=\"widget\" data-e-type=\"widget\" data-settings=\"{&quot;_ob_use_harakiri&quot;:&quot;yes&quot;,&quot;_ob_harakiri_writing_mode&quot;:&quot;inherit&quot;,&quot;_ob_postman_use&quot;:&quot;no&quot;,&quot;_ob_perspektive_use&quot;:&quot;no&quot;,&quot;_ob_poopart_use&quot;:&quot;yes&quot;,&quot;_ob_shadough_use&quot;:&quot;no&quot;,&quot;_ob_allow_hoveranimator&quot;:&quot;no&quot;,&quot;_ob_widget_stalker_use&quot;:&quot;no&quot;}\" data-widget_type=\"text-editor.default\">\n\t\t\t\t<div class=\"elementor-widget-container\">\n\t\t\t\t\t\t\t\t\t<h2 class=\"text-align-left font-scale-6 line-height-scale-5 gutter-bottom-14\"><strong>Lassen Sie uns in Kontakt bleiben<\/strong><\/h2><p class=\"text-align-left font-scale-6 line-height-scale-5 gutter-bottom-14\">Suppinger Management wird die Informationen, die Sie in diesem Formular angeben, dazu verwenden, mit Ihnen in Kontakt zu bleiben und Ihnen Updates und Marketing-Informationen zu \u00fcbermitteln. \u00a0<\/p><p class=\"text-align-left font-scale-6 line-height-scale-5 gutter-bottom-14\">Sie k\u00f6nnen Ihre Meinung jederzeit \u00e4ndern, indem Sie auf den Abmelde-Link klicken. Diesen finden Sie in der Fu\u00dfzeile eines jeden Newsletter, den Sie von mir erhalten. \u00a0<\/p><p class=\"text-align-left font-scale-6 line-height-scale-5 gutter-bottom-14\">Ich sichere Ihnen zu, dass ich Ihre Informationen mit Sorgfalt behandle. Weitere Informationen zu meinen <a href=\"https:\/\/suppinger.management\/datenschutz\/\" target=\"_top\" data-link-type=\"site-route\" data-route-guid=\"ce86372b-19ac-b222-ad13-2f34a084b522\" data-route-slug=\"dsgvo\">Datenschutzpraktiken <\/a>finden Sie auf meiner Website.\u00a0<\/p>\t\t\t\t\t\t\t\t<\/div>\n\t\t\t\t<\/div>\n\t\t\t\t<div class=\"elementor-element elementor-element-39fcd97 elementor-button-align-start elementor-mobile-button-align-center elementor-widget__width-initial ob-has-background-overlay elementor-widget elementor-widget-form\" data-id=\"39fcd97\" data-element_type=\"widget\" data-e-type=\"widget\" data-settings=\"{&quot;step_next_label&quot;:&quot;N\\u00e4chster&quot;,&quot;step_previous_label&quot;:&quot;Voriger&quot;,&quot;button_width&quot;:&quot;100&quot;,&quot;step_type&quot;:&quot;number_text&quot;,&quot;step_icon_shape&quot;:&quot;circle&quot;,&quot;_ob_perspektive_use&quot;:&quot;no&quot;,&quot;_ob_poopart_use&quot;:&quot;yes&quot;,&quot;_ob_shadough_use&quot;:&quot;no&quot;,&quot;_ob_allow_hoveranimator&quot;:&quot;no&quot;,&quot;_ob_widget_stalker_use&quot;:&quot;no&quot;}\" data-widget_type=\"form.default\">\n\t\t\t\t<div class=\"elementor-widget-container\">\n\t\t\t\t\t\t\t<form class=\"elementor-form\" method=\"post\" name=\"Newsletteranmeldung\">\n\t\t\t<input type=\"hidden\" name=\"post_id\" value=\"4157\"\/>\n\t\t\t<input type=\"hidden\" name=\"form_id\" value=\"39fcd97\"\/>\n\t\t\t<input type=\"hidden\" name=\"referer_title\" value=\"Anmeldung Newsletter | Suppinger Interim Management\" \/>\n\n\t\t\t\t\t\t\t<input type=\"hidden\" name=\"queried_id\" value=\"4157\"\/>\n\t\t\t\n\t\t\t<div class=\"elementor-form-fields-wrapper elementor-labels-above\">\n\t\t\t\t\t\t\t\t<div class=\"elementor-field-type-email elementor-field-group elementor-column elementor-field-group-name elementor-col-100 elementor-field-required elementor-mark-required\">\n\t\t\t\t\t\t\t\t\t\t\t\t<label for=\"form-field-name\" class=\"elementor-field-label\">\n\t\t\t\t\t\t\t\tE-Mail\t\t\t\t\t\t\t<\/label>\n\t\t\t\t\t\t\t\t\t\t\t\t\t\t<input size=\"1\" type=\"email\" name=\"form_fields[name]\" id=\"form-field-name\" class=\"elementor-field elementor-size-sm  elementor-field-textual\" placeholder=\"kontakt@firma.de\" required=\"required\">\n\t\t\t\t\t\t\t\t\t\t\t<\/div>\n\t\t\t\t\t\t\t\t<div class=\"elementor-field-type-select elementor-field-group elementor-column elementor-field-group-email elementor-col-50 elementor-field-required elementor-mark-required\">\n\t\t\t\t\t\t\t\t\t\t\t\t<label for=\"form-field-email\" class=\"elementor-field-label\">\n\t\t\t\t\t\t\t\tAnrede\t\t\t\t\t\t\t<\/label>\n\t\t\t\t\t\t\t\t<div class=\"elementor-field elementor-select-wrapper remove-before \">\n\t\t\t<div class=\"select-caret-down-wrapper\">\n\t\t\t\t<i aria-hidden=\"true\" class=\"eicon-caret-down\"><\/i>\t\t\t<\/div>\n\t\t\t<select name=\"form_fields[email]\" id=\"form-field-email\" class=\"elementor-field-textual elementor-size-sm\" required=\"required\">\n\t\t\t\t\t\t\t\t\t<option value=\"Herr\">Herr<\/option>\n\t\t\t\t\t\t\t\t\t<option value=\"Frau\">Frau<\/option>\n\t\t\t\t\t\t\t\t\t<option value=\"Divers\">Divers<\/option>\n\t\t\t\t\t\t\t<\/select>\n\t\t<\/div>\n\t\t\t\t\t\t<\/div>\n\t\t\t\t\t\t\t\t<div class=\"elementor-field-type-text elementor-field-group elementor-column elementor-field-group-04fbb9f elementor-col-50 elementor-field-required elementor-mark-required\">\n\t\t\t\t\t\t\t\t\t\t\t\t<label for=\"form-field-04fbb9f\" class=\"elementor-field-label\">\n\t\t\t\t\t\t\t\tNachname\t\t\t\t\t\t\t<\/label>\n\t\t\t\t\t\t\t\t\t\t\t\t\t\t<input size=\"1\" type=\"text\" name=\"form_fields[04fbb9f]\" id=\"form-field-04fbb9f\" class=\"elementor-field elementor-size-sm  elementor-field-textual\" placeholder=\"Mustername\" required=\"required\">\n\t\t\t\t\t\t\t\t\t\t\t<\/div>\n\t\t\t\t\t\t\t\t<div class=\"elementor-field-type-text elementor-field-group elementor-column elementor-field-group-b9cd3c3 elementor-col-50\">\n\t\t\t\t\t\t\t\t\t\t\t\t<label for=\"form-field-b9cd3c3\" class=\"elementor-field-label\">\n\t\t\t\t\t\t\t\tFirma\t\t\t\t\t\t\t<\/label>\n\t\t\t\t\t\t\t\t\t\t\t\t\t\t<input size=\"1\" type=\"text\" name=\"form_fields[b9cd3c3]\" id=\"form-field-b9cd3c3\" class=\"elementor-field elementor-size-sm  elementor-field-textual\" placeholder=\"Musterfirma\">\n\t\t\t\t\t\t\t\t\t\t\t<\/div>\n\t\t\t\t\t\t\t\t<div class=\"elementor-field-type-text\">\n\t\t\t\t\t<input size=\"1\" type=\"text\" name=\"form_fields[field_7e1a43b]\" id=\"form-field-field_7e1a43b\" class=\"elementor-field elementor-size-sm \" style=\"display:none !important;\">\t\t\t\t<\/div>\n\t\t\t\t\t\t\t\t<div class=\"elementor-field-type-acceptance elementor-field-group elementor-column elementor-field-group-field_c1e3c9c elementor-col-100 elementor-field-required elementor-mark-required\">\n\t\t\t\t\t\t\t\t\t\t\t\t<label for=\"form-field-field_c1e3c9c\" class=\"elementor-field-label\">\n\t\t\t\t\t\t\t\tEinverst\u00e4ndnis\t\t\t\t\t\t\t<\/label>\n\t\t\t\t\t\t\t\t<div class=\"elementor-field-subgroup\">\n\t\t\t<span class=\"elementor-field-option\">\n\t\t\t\t<input type=\"checkbox\" name=\"form_fields[field_c1e3c9c]\" id=\"form-field-field_c1e3c9c\" class=\"elementor-field elementor-size-sm  elementor-acceptance-field\" required=\"required\">\n\t\t\t\t<label for=\"form-field-field_c1e3c9c\">Ich best\u00e4tige, dass die von mir angegebenen Informationen an Microsoft Dynamics 365 zur Marketing-Automatisierung und Datenverarbeitung in \u00dcbereinstimmung mit den <a href=\"https:\/\/suppinger.management\/datenschutz\/\">Datenschutzrichtlinien<\/a> und Bedingungen weitergegeben und verarbeitet werden d\u00fcrfen.<\/label>\t\t\t<\/span>\n\t\t<\/div>\n\t\t\t\t\t\t<\/div>\n\t\t\t\t\t\t\t\t<div class=\"elementor-field-group elementor-column elementor-field-type-submit elementor-col-100 e-form__buttons\">\n\t\t\t\t\t<button class=\"elementor-button elementor-size-md\" type=\"submit\">\n\t\t\t\t\t\t<span class=\"elementor-button-content-wrapper\">\n\t\t\t\t\t\t\t\t\t\t\t\t\t\t\t\t\t\t\t\t\t\t<span class=\"elementor-button-text\">zum Newsletter anmelden<\/span>\n\t\t\t\t\t\t\t\t\t\t\t\t\t<\/span>\n\t\t\t\t\t<\/button>\n\t\t\t\t<\/div>\n\t\t\t<\/div>\n\t\t<\/form>\n\t\t\t\t\t\t<\/div>\n\t\t\t\t<\/div>\n\t\t\t\t\t<\/div>\n\t\t<\/div>\n\t\t\t\t\t<\/div>\n\t\t<\/section>\n\t\t\t\t<\/div>\n\t\t","protected":false},"excerpt":{"rendered":"<p>Lassen Sie uns in Kontakt bleiben Suppinger Management wird die Informationen, die Sie in diesem Formular angeben, dazu verwenden, mit Ihnen in Kontakt zu bleiben und Ihnen Updates und Marketing-Informationen zu \u00fcbermitteln. \u00a0 Sie k\u00f6nnen Ihre Meinung jederzeit \u00e4ndern, indem Sie auf den Abmelde-Link klicken. Diesen finden Sie in der Fu\u00dfzeile eines jeden Newsletter, den [&hellip;]<\/p>\n","protected":false},"author":3,"featured_media":0,"parent":0,"menu_order":0,"comment_status":"closed","ping_status":"closed","template":"","meta":{"content-type":"","footnotes":""},"folder":[],"class_list":["post-4157","page","type-page","status-publish","hentry"],"yoast_head":"<!-- This site is optimized with the Yoast SEO plugin v27.2 - https:\/\/yoast.com\/product\/yoast-seo-wordpress\/ -->\n<title>Anmeldung Newsletter | Suppinger Interim Management<\/title>\n<meta name=\"robots\" content=\"index, follow, max-snippet:-1, max-image-preview:large, max-video-preview:-1\" \/>\n<link rel=\"canonical\" href=\"https:\/\/suppinger.management\/en\/sign-up-newsletter\/\" \/>\n<meta property=\"og:locale\" content=\"en_GB\" \/>\n<meta property=\"og:type\" content=\"article\" \/>\n<meta property=\"og:title\" content=\"Anmeldung Newsletter | Suppinger Interim Management\" \/>\n<meta property=\"og:description\" content=\"Lassen Sie uns in Kontakt bleiben Suppinger Management wird die Informationen, die Sie in diesem Formular angeben, dazu verwenden, mit Ihnen in Kontakt zu bleiben und Ihnen Updates und Marketing-Informationen zu \u00fcbermitteln. \u00a0 Sie k\u00f6nnen Ihre Meinung jederzeit \u00e4ndern, indem Sie auf den Abmelde-Link klicken. Diesen finden Sie in der Fu\u00dfzeile eines jeden Newsletter, den [&hellip;]\" \/>\n<meta property=\"og:url\" content=\"https:\/\/suppinger.management\/en\/sign-up-newsletter\/\" \/>\n<meta property=\"og:site_name\" content=\"Suppinger Interim Management\" \/>\n<meta property=\"article:modified_time\" content=\"2024-10-02T13:31:50+00:00\" \/>\n<meta name=\"twitter:card\" content=\"summary_large_image\" \/>\n<meta name=\"twitter:label1\" content=\"Estimated reading time\" \/>\n\t<meta name=\"twitter:data1\" content=\"1 minute\" \/>\n<script type=\"application\/ld+json\" class=\"yoast-schema-graph\">{\"@context\":\"https:\/\/schema.org\",\"@graph\":[{\"@type\":\"WebPage\",\"@id\":\"https:\/\/suppinger.management\/anmeldung-newsletter\/\",\"url\":\"https:\/\/suppinger.management\/anmeldung-newsletter\/\",\"name\":\"Anmeldung Newsletter | Suppinger Interim Management\",\"isPartOf\":{\"@id\":\"https:\/\/suppinger.management\/#website\"},\"datePublished\":\"2023-08-18T12:03:25+00:00\",\"dateModified\":\"2024-10-02T13:31:50+00:00\",\"breadcrumb\":{\"@id\":\"https:\/\/suppinger.management\/anmeldung-newsletter\/#breadcrumb\"},\"inLanguage\":\"en-GB\",\"potentialAction\":[{\"@type\":\"ReadAction\",\"target\":[\"https:\/\/suppinger.management\/anmeldung-newsletter\/\"]}]},{\"@type\":\"BreadcrumbList\",\"@id\":\"https:\/\/suppinger.management\/anmeldung-newsletter\/#breadcrumb\",\"itemListElement\":[{\"@type\":\"ListItem\",\"position\":1,\"name\":\"Startseite\",\"item\":\"https:\/\/suppinger.management\/\"},{\"@type\":\"ListItem\",\"position\":2,\"name\":\"Anmeldung Newsletter\"}]},{\"@type\":\"WebSite\",\"@id\":\"https:\/\/suppinger.management\/#website\",\"url\":\"https:\/\/suppinger.management\/\",\"name\":\"Suppinger Interim Management\",\"description\":\"Struktur f&uuml;r Ihr Business\",\"publisher\":{\"@id\":\"https:\/\/suppinger.management\/#organization\"},\"potentialAction\":[{\"@type\":\"SearchAction\",\"target\":{\"@type\":\"EntryPoint\",\"urlTemplate\":\"https:\/\/suppinger.management\/?s={search_term_string}\"},\"query-input\":{\"@type\":\"PropertyValueSpecification\",\"valueRequired\":true,\"valueName\":\"search_term_string\"}}],\"inLanguage\":\"en-GB\"},{\"@type\":\"Organization\",\"@id\":\"https:\/\/suppinger.management\/#organization\",\"name\":\"Suppinger Interim Management\",\"url\":\"https:\/\/suppinger.management\/\",\"logo\":{\"@type\":\"ImageObject\",\"inLanguage\":\"en-GB\",\"@id\":\"https:\/\/suppinger.management\/#\/schema\/logo\/image\/\",\"url\":\"https:\/\/suppinger.management\/wp-content\/uploads\/2023\/08\/2023_10_31_SUPPINGER_Logo_CMYK_neu_HD-02.png\",\"contentUrl\":\"https:\/\/suppinger.management\/wp-content\/uploads\/2023\/08\/2023_10_31_SUPPINGER_Logo_CMYK_neu_HD-02.png\",\"width\":1821,\"height\":422,\"caption\":\"Suppinger Interim Management\"},\"image\":{\"@id\":\"https:\/\/suppinger.management\/#\/schema\/logo\/image\/\"}}]}<\/script>\n<!-- \/ Yoast SEO plugin. -->","yoast_head_json":{"title":"Registration Newsletter | Suppinger Interim Management","robots":{"index":"index","follow":"follow","max-snippet":"max-snippet:-1","max-image-preview":"max-image-preview:large","max-video-preview":"max-video-preview:-1"},"canonical":"https:\/\/suppinger.management\/en\/sign-up-newsletter\/","og_locale":"en_GB","og_type":"article","og_title":"Anmeldung Newsletter | Suppinger Interim Management","og_description":"Lassen Sie uns in Kontakt bleiben Suppinger Management wird die Informationen, die Sie in diesem Formular angeben, dazu verwenden, mit Ihnen in Kontakt zu bleiben und Ihnen Updates und Marketing-Informationen zu \u00fcbermitteln. \u00a0 Sie k\u00f6nnen Ihre Meinung jederzeit \u00e4ndern, indem Sie auf den Abmelde-Link klicken. Diesen finden Sie in der Fu\u00dfzeile eines jeden Newsletter, den [&hellip;]","og_url":"https:\/\/suppinger.management\/en\/sign-up-newsletter\/","og_site_name":"Suppinger Interim Management","article_modified_time":"2024-10-02T13:31:50+00:00","twitter_card":"summary_large_image","twitter_misc":{"Estimated reading time":"1 minute"},"schema":{"@context":"https:\/\/schema.org","@graph":[{"@type":"WebPage","@id":"https:\/\/suppinger.management\/anmeldung-newsletter\/","url":"https:\/\/suppinger.management\/anmeldung-newsletter\/","name":"Registration Newsletter | Suppinger Interim Management","isPartOf":{"@id":"https:\/\/suppinger.management\/#website"},"datePublished":"2023-08-18T12:03:25+00:00","dateModified":"2024-10-02T13:31:50+00:00","breadcrumb":{"@id":"https:\/\/suppinger.management\/anmeldung-newsletter\/#breadcrumb"},"inLanguage":"en-GB","potentialAction":[{"@type":"ReadAction","target":["https:\/\/suppinger.management\/anmeldung-newsletter\/"]}]},{"@type":"BreadcrumbList","@id":"https:\/\/suppinger.management\/anmeldung-newsletter\/#breadcrumb","itemListElement":[{"@type":"ListItem","position":1,"name":"Startseite","item":"https:\/\/suppinger.management\/"},{"@type":"ListItem","position":2,"name":"Anmeldung Newsletter"}]},{"@type":"WebSite","@id":"https:\/\/suppinger.management\/#website","url":"https:\/\/suppinger.management\/","name":"Suppinger Interim Management","description":"Struktur f&uuml;r Ihr Business","publisher":{"@id":"https:\/\/suppinger.management\/#organization"},"potentialAction":[{"@type":"SearchAction","target":{"@type":"EntryPoint","urlTemplate":"https:\/\/suppinger.management\/?s={search_term_string}"},"query-input":{"@type":"PropertyValueSpecification","valueRequired":true,"valueName":"search_term_string"}}],"inLanguage":"en-GB"},{"@type":"Organization","@id":"https:\/\/suppinger.management\/#organization","name":"Suppinger Interim Management","url":"https:\/\/suppinger.management\/","logo":{"@type":"ImageObject","inLanguage":"en-GB","@id":"https:\/\/suppinger.management\/#\/schema\/logo\/image\/","url":"https:\/\/suppinger.management\/wp-content\/uploads\/2023\/08\/2023_10_31_SUPPINGER_Logo_CMYK_neu_HD-02.png","contentUrl":"https:\/\/suppinger.management\/wp-content\/uploads\/2023\/08\/2023_10_31_SUPPINGER_Logo_CMYK_neu_HD-02.png","width":1821,"height":422,"caption":"Suppinger Interim Management"},"image":{"@id":"https:\/\/suppinger.management\/#\/schema\/logo\/image\/"}}]}},"_links":{"self":[{"href":"https:\/\/suppinger.management\/en\/wp-json\/wp\/v2\/pages\/4157","targetHints":{"allow":["GET"]}}],"collection":[{"href":"https:\/\/suppinger.management\/en\/wp-json\/wp\/v2\/pages"}],"about":[{"href":"https:\/\/suppinger.management\/en\/wp-json\/wp\/v2\/types\/page"}],"author":[{"embeddable":true,"href":"https:\/\/suppinger.management\/en\/wp-json\/wp\/v2\/users\/3"}],"replies":[{"embeddable":true,"href":"https:\/\/suppinger.management\/en\/wp-json\/wp\/v2\/comments?post=4157"}],"version-history":[{"count":10,"href":"https:\/\/suppinger.management\/en\/wp-json\/wp\/v2\/pages\/4157\/revisions"}],"predecessor-version":[{"id":7371,"href":"https:\/\/suppinger.management\/en\/wp-json\/wp\/v2\/pages\/4157\/revisions\/7371"}],"wp:attachment":[{"href":"https:\/\/suppinger.management\/en\/wp-json\/wp\/v2\/media?parent=4157"}],"wp:term":[{"taxonomy":"folder","embeddable":true,"href":"https:\/\/suppinger.management\/en\/wp-json\/wp\/v2\/folder?post=4157"}],"curies":[{"name":"wp","href":"https:\/\/api.w.org\/{rel}","templated":true}]}}