{"id":4151,"date":"2023-08-18T13:48:45","date_gmt":"2023-08-18T11:48:45","guid":{"rendered":"https:\/\/meinwordpress-ho-2p43k7wofl.live-website.com\/?page_id=4151"},"modified":"2024-10-02T09:26:53","modified_gmt":"2024-10-02T07:26:53","slug":"impressum","status":"publish","type":"page","link":"https:\/\/suppinger.management\/en\/impressum\/","title":{"rendered":"Imprint"},"content":{"rendered":"<div data-elementor-type=\"wp-page\" data-elementor-id=\"4151\" class=\"elementor elementor-4151\" data-elementor-post-type=\"page\">\n\t\t\t\t\t\t<section class=\"ob-is-breaking-bad elementor-section elementor-top-section elementor-element elementor-element-522d7a5 elementor-section-boxed elementor-section-height-default elementor-section-height-default\" data-id=\"522d7a5\" data-element_type=\"section\" data-e-type=\"section\" data-settings=\"{&quot;_ob_bbad_use_it&quot;:&quot;yes&quot;,&quot;_ob_bbad_sssic_use&quot;:&quot;no&quot;,&quot;_ob_glider_is_slider&quot;:&quot;no&quot;}\">\n\t\t\t\t\t\t<div class=\"elementor-container elementor-column-gap-default\">\n\t\t\t\t\t<div class=\"elementor-column elementor-col-100 elementor-top-column elementor-element elementor-element-782b67b\" data-id=\"782b67b\" data-element_type=\"column\" data-e-type=\"column\" data-settings=\"{&quot;_ob_bbad_is_stalker&quot;:&quot;no&quot;,&quot;_ob_teleporter_use&quot;:false,&quot;_ob_column_hoveranimator&quot;:&quot;no&quot;,&quot;_ob_column_has_pseudo&quot;:&quot;no&quot;}\">\n\t\t\t<div class=\"elementor-widget-wrap elementor-element-populated\">\n\t\t\t\t\t\t<div class=\"elementor-element elementor-element-7f2cb41 ob-harakiri-inherit ob-has-background-overlay elementor-widget elementor-widget-heading\" data-id=\"7f2cb41\" data-element_type=\"widget\" data-e-type=\"widget\" data-settings=\"{&quot;_ob_use_harakiri&quot;:&quot;yes&quot;,&quot;_ob_harakiri_writing_mode&quot;:&quot;inherit&quot;,&quot;_ob_harakiri_text_clip&quot;:&quot;none&quot;,&quot;_ob_perspektive_use&quot;:&quot;no&quot;,&quot;_ob_poopart_use&quot;:&quot;yes&quot;,&quot;_ob_shadough_use&quot;:&quot;no&quot;,&quot;_ob_allow_hoveranimator&quot;:&quot;no&quot;,&quot;_ob_widget_stalker_use&quot;:&quot;no&quot;}\" data-widget_type=\"heading.default\">\n\t\t\t\t<div class=\"elementor-widget-container\">\n\t\t\t\t\t<h2 class=\"elementor-heading-title elementor-size-default\">Imprint<\/h2>\t\t\t\t<\/div>\n\t\t\t\t<\/div>\n\t\t\t\t\t<\/div>\n\t\t<\/div>\n\t\t\t\t\t<\/div>\n\t\t<\/section>\n\t\t\t\t<section class=\"ob-is-breaking-bad elementor-section elementor-top-section elementor-element elementor-element-5eda035 elementor-section-boxed elementor-section-height-default elementor-section-height-default\" data-id=\"5eda035\" data-element_type=\"section\" data-e-type=\"section\" data-settings=\"{&quot;_ob_bbad_use_it&quot;:&quot;yes&quot;,&quot;_ob_bbad_sssic_use&quot;:&quot;no&quot;,&quot;_ob_glider_is_slider&quot;:&quot;no&quot;}\">\n\t\t\t\t\t\t<div class=\"elementor-container elementor-column-gap-default\">\n\t\t\t\t\t<div class=\"elementor-column elementor-col-50 elementor-top-column elementor-element elementor-element-3835fe9\" data-id=\"3835fe9\" data-element_type=\"column\" data-e-type=\"column\" data-settings=\"{&quot;_ob_bbad_is_stalker&quot;:&quot;no&quot;,&quot;_ob_teleporter_use&quot;:false,&quot;_ob_column_hoveranimator&quot;:&quot;no&quot;,&quot;_ob_column_has_pseudo&quot;:&quot;no&quot;}\">\n\t\t\t<div class=\"elementor-widget-wrap elementor-element-populated\">\n\t\t\t\t\t\t<div class=\"elementor-element elementor-element-1ad7a9d ob-harakiri-inherit ob-has-background-overlay elementor-widget elementor-widget-text-editor\" data-id=\"1ad7a9d\" data-element_type=\"widget\" data-e-type=\"widget\" data-settings=\"{&quot;_ob_use_harakiri&quot;:&quot;yes&quot;,&quot;_ob_harakiri_writing_mode&quot;:&quot;inherit&quot;,&quot;_ob_postman_use&quot;:&quot;no&quot;,&quot;_ob_perspektive_use&quot;:&quot;no&quot;,&quot;_ob_poopart_use&quot;:&quot;yes&quot;,&quot;_ob_shadough_use&quot;:&quot;no&quot;,&quot;_ob_allow_hoveranimator&quot;:&quot;no&quot;,&quot;_ob_widget_stalker_use&quot;:&quot;no&quot;}\" data-widget_type=\"text-editor.default\">\n\t\t\t\t<div class=\"elementor-widget-container\">\n\t\t\t\t\t\t\t\t\t<p class=\"text-align-left font-scale-5 line-height-scale-3 gutter-bottom-14\"><strong>Angaben gem\u00e4\u00df \u00a7 5 TMG: \u00a0<\/strong><\/p><p class=\"text-align-left font-scale-4 line-height-scale-3 gutter-bottom-14\">Markus Suppinger <br \/>Suppinger Interim Management <br \/>Gr\u00e4slberg 4b<br \/>D-93155 Hemau \u00a0<\/p><p class=\"text-align-left font-scale-4 line-height-scale-3 gutter-bottom-14\"><strong><span class=\"font-scale-5\">Kontakt: <\/span>\u00a0<\/strong><\/p><p class=\"text-align-left font-scale-4 line-height-scale-3 gutter-bottom-14\">Telefon: +49 9491 9536655 Mobil: +49 151 64640064 E-Mail: m@suppinger.management \u00a0<\/p><p class=\"text-align-left font-scale-4 line-height-scale-3 gutter-bottom-14\"><strong><span class=\"font-scale-5\">Umsatzsteuer: <\/span> \u00a0<\/strong><\/p><p class=\"text-align-left font-scale-4 line-height-scale-3 gutter-bottom-14\">Umsatzsteuer-Identifikationsnummer gem\u00e4\u00df \u00a727 a Umsatzsteuergesetz: DE 294767104 \u00a0<\/p><p class=\"text-align-left font-scale-4 line-height-scale-3 gutter-bottom-14\"><strong><span class=\"font-scale-5\">Angaben zur Berufshaftpflichtversicherung:<\/span>\u00a0<\/strong><\/p><p class=\"text-align-left font-scale-4 line-height-scale-3 gutter-bottom-14\">Name und Sitz des Versicherers: <br \/>Markel Insurance SE<br \/>Sophienstrasse 26, 80333 M\u00fcnchen <br \/>Geltungsraum der Versicherung: weltweit \u00a0<\/p><p class=\"text-align-left font-scale-4 line-height-scale-3 gutter-bottom-14\"><span class=\"font-scale-5\"><strong>Verantwortlich f\u00fcr den Inhalt nach \u00a7 55 Abs. 2 RStV:<\/strong> <\/span>\u00a0<\/p><p class=\"text-align-left font-scale-4 line-height-scale-3 gutter-bottom-14\">Markus Suppinger <br \/>Suppinger Interim Management <br \/>Gr\u00e4slberg 4b<br \/>D-93155 Hemau \u00a0<\/p><p class=\"text-align-left font-scale-4 line-height-scale-3 gutter-bottom-14\"><strong><span class=\"font-scale-5\">Streitschlichtung:<\/span>\u00a0<\/strong><\/p><p class=\"text-align-left font-scale-4 line-height-scale-3 gutter-bottom-14\">Plattform zur Online-Streitbeilegung (OS) der Europ\u00e4ische Kommission: https:\/\/ec.europa.eu\/consumers\/odr\/main\/index.cfm?event=main.home2.show&amp;lng=&amp;E \u00a0<\/p><p class=\"text-align-left font-scale-4 line-height-scale-6 gutter-bottom-14\"><strong>F\u00fcr Unternehmen und Unternehmer:<\/strong><\/p><p class=\"text-align-left font-scale-4 line-height-scale-6 gutter-bottom-14\">Da sich unser Angebot ausschlie\u00dflich an Unternehmer, Unternehmen und Gewerbetreibende richtet (\u201cB2B\u201d), sind wir nicht bereit oder verpflichtet, an Streitbeilegungsverfahren vor einer Verbraucherschlichtungsstelle teilzunehmen. \u00a0<\/p><p class=\"text-align-left font-scale-4 line-height-scale-3 gutter-bottom-14\"><span class=\"font-scale-5\"><strong>Bildnachweise:<\/strong>\u00a0<\/span> \u00a0<\/p><p class=\"text-align-left font-scale-4 line-height-scale-3 gutter-bottom-14\">Eigene Portraits und Bilder von Markus Suppinger auf diversen Seiten \u00a0<\/p><p class=\"text-align-left font-scale-4 line-height-scale-3 gutter-bottom-14\">Eingesetzte Bilder:\u00a0<\/p><p class=\"text-align-left font-scale-4 line-height-scale-3 gutter-bottom-14\">https:\/\/de.fotolia.com\u00a0<\/p><p class=\"text-align-left font-scale-4 line-height-scale-3 gutter-bottom-14\">https:\/\/https:\/\/stock.adobe.com<\/p><p>https:\/\/envato.com<\/p><p class=\"text-align-left font-scale-4 line-height-scale-3 gutter-bottom-1\">http:\/\/www.presentationload.de <span class=\"font-scale-5\"> \u00a0<\/span><\/p>\t\t\t\t\t\t\t\t<\/div>\n\t\t\t\t<\/div>\n\t\t\t\t\t<\/div>\n\t\t<\/div>\n\t\t\t\t<div class=\"elementor-column elementor-col-50 elementor-top-column elementor-element elementor-element-e5edae9\" data-id=\"e5edae9\" data-element_type=\"column\" data-e-type=\"column\" data-settings=\"{&quot;_ob_bbad_is_stalker&quot;:&quot;no&quot;,&quot;_ob_teleporter_use&quot;:false,&quot;_ob_column_hoveranimator&quot;:&quot;no&quot;,&quot;_ob_column_has_pseudo&quot;:&quot;no&quot;}\">\n\t\t\t<div class=\"elementor-widget-wrap elementor-element-populated\">\n\t\t\t\t\t\t<div class=\"elementor-element elementor-element-f9c853d ob-harakiri-inherit ob-has-background-overlay elementor-widget elementor-widget-text-editor\" data-id=\"f9c853d\" data-element_type=\"widget\" data-e-type=\"widget\" data-settings=\"{&quot;_ob_use_harakiri&quot;:&quot;yes&quot;,&quot;_ob_harakiri_writing_mode&quot;:&quot;inherit&quot;,&quot;_ob_postman_use&quot;:&quot;no&quot;,&quot;_ob_perspektive_use&quot;:&quot;no&quot;,&quot;_ob_poopart_use&quot;:&quot;yes&quot;,&quot;_ob_shadough_use&quot;:&quot;no&quot;,&quot;_ob_allow_hoveranimator&quot;:&quot;no&quot;,&quot;_ob_widget_stalker_use&quot;:&quot;no&quot;}\" data-widget_type=\"text-editor.default\">\n\t\t\t\t<div class=\"elementor-widget-container\">\n\t\t\t\t\t\t\t\t\t<p class=\"text-align-left font-scale-4 line-height-scale-3 gutter-bottom-14\"><strong><span class=\"font-scale-5\">Haftung f\u00fcr Inhalte:<\/span><\/strong><\/p><p class=\"text-align-left font-scale-4 line-height-scale-6 gutter-bottom-14\">Als Diensteanbieter sind wir gem\u00e4\u00df \u00a7 7 Abs.1 TMG f\u00fcr eigene Inhalte auf diesen Seiten nach den allgemeinen Gesetzen verantwortlich. Nach \u00a7\u00a7 8 bis 10 TMG sind wir als Diensteanbieter jedoch nicht verpflichtet, \u00fcbermittelte oder gespeicherte fremde Informationen zu \u00fcberwachen oder nach Umst\u00e4nden zu forschen, die auf eine rechtswidrige T\u00e4tigkeit hinweisen. \u00a0<\/p><p class=\"text-align-left font-scale-4 line-height-scale-6 gutter-bottom-14\">Verpflichtungen zur Entfernung oder Sperrung der Nutzung von Informationen nach den allgemeinen Gesetzen bleiben hiervon unber\u00fchrt. Eine diesbez\u00fcgliche Haftung ist jedoch erst ab dem Zeitpunkt der Kenntnis einer konkreten Rechtsverletzung m\u00f6glich. Bei Bekanntwerden von entsprechenden Rechtsverletzungen werden wir diese Inhalte umgehend entfernen. \u00a0<\/p><p class=\"text-align-left font-scale-4 line-height-scale-3 gutter-bottom-14\"><strong><span class=\"font-scale-5\">Haftung f\u00fcr Links:<\/span><\/strong><\/p><p class=\"text-align-left font-scale-4 line-height-scale-6 gutter-bottom-14\">Unser Angebot enth\u00e4lt Links zu externen Websites Dritter, auf deren Inhalte wir keinen Einfluss haben. Deshalb k\u00f6nnen wir f\u00fcr diese fremden Inhalte auch keine Gew\u00e4hr \u00fcbernehmen. F\u00fcr die Inhalte der verlinkten Seiten ist stets der jeweilige Anbieter oder Betreiber der Seiten verantwortlich. Die verlinkten Seiten wurden zum Zeitpunkt der Verlinkung auf m\u00f6gliche Rechtsverst\u00f6\u00dfe \u00fcberpr\u00fcft. Rechtswidrige Inhalte waren zum Zeitpunkt der Verlinkung nicht erkennbar. \u00a0<\/p><p class=\"text-align-left font-scale-4 line-height-scale-6 gutter-bottom-14\">Eine permanente inhaltliche Kontrolle der verlinkten Seiten ist jedoch ohne konkrete Anhaltspunkte einer Rechtsverletzung nicht zumutbar. Bei Bekanntwerden von Rechtsverletzungen werden wir derartige Links umgehend entfernen.\u00a0<\/p><p class=\"text-align-left font-scale-4 line-height-scale-3 gutter-bottom-14\"><strong><span class=\"font-scale-5\"> Urheberrecht:<\/span><\/strong><\/p><p class=\"text-align-left font-scale-4 line-height-scale-6 gutter-bottom-14\">Die durch die Seitenbetreiber erstellten Inhalte und Werke auf diesen Seiten unterliegen dem deutschen Urheberrecht. Die Vervielf\u00e4ltigung, Bearbeitung, Verbreitung und jede Art der Verwertung au\u00dferhalb der Grenzen des Urheberrechtes bed\u00fcrfen der schriftlichen Zustimmung des jeweiligen Autors bzw. Erstellers. Downloads und Kopien dieser Seite sind nur f\u00fcr den privaten, nicht kommerziellen Gebrauch gestattet.\u00a0<\/p><p class=\"text-align-left font-scale-4 line-height-scale-6 gutter-bottom-1\">Soweit die Inhalte auf dieser Seite nicht vom Betreiber erstellt wurden, werden die Urheberrechte Dritter beachtet. Insbesondere werden Inhalte Dritter als solche gekennzeichnet. Sollten Sie trotzdem auf eine Urheberrechtsverletzung aufmerksam werden, bitten wir um einen entsprechenden Hinweis. Bei Bekanntwerden von Rechtsverletzungen werden wir derartige Inhalte umgehend entfernen.<\/p>\t\t\t\t\t\t\t\t<\/div>\n\t\t\t\t<\/div>\n\t\t\t\t\t<\/div>\n\t\t<\/div>\n\t\t\t\t\t<\/div>\n\t\t<\/section>\n\t\t\t\t<section class=\"ob-is-breaking-bad elementor-section elementor-top-section elementor-element elementor-element-9fb382d elementor-section-boxed elementor-section-height-default elementor-section-height-default\" data-id=\"9fb382d\" data-element_type=\"section\" data-e-type=\"section\" data-settings=\"{&quot;_ob_bbad_use_it&quot;:&quot;yes&quot;,&quot;_ob_bbad_sssic_use&quot;:&quot;no&quot;,&quot;_ob_glider_is_slider&quot;:&quot;no&quot;}\">\n\t\t\t\t\t\t<div class=\"elementor-container elementor-column-gap-default\">\n\t\t\t\t\t<div class=\"elementor-column elementor-col-50 elementor-top-column elementor-element elementor-element-3a55cfe\" data-id=\"3a55cfe\" data-element_type=\"column\" data-e-type=\"column\" data-settings=\"{&quot;_ob_bbad_is_stalker&quot;:&quot;no&quot;,&quot;_ob_teleporter_use&quot;:false,&quot;_ob_column_hoveranimator&quot;:&quot;no&quot;,&quot;_ob_column_has_pseudo&quot;:&quot;no&quot;}\">\n\t\t\t<div class=\"elementor-widget-wrap elementor-element-populated\">\n\t\t\t\t\t\t<div class=\"elementor-element elementor-element-24ef023 ob-harakiri-inherit ob-has-background-overlay elementor-widget elementor-widget-text-editor\" data-id=\"24ef023\" data-element_type=\"widget\" data-e-type=\"widget\" data-settings=\"{&quot;_ob_use_harakiri&quot;:&quot;yes&quot;,&quot;_ob_harakiri_writing_mode&quot;:&quot;inherit&quot;,&quot;_ob_postman_use&quot;:&quot;no&quot;,&quot;_ob_perspektive_use&quot;:&quot;no&quot;,&quot;_ob_poopart_use&quot;:&quot;yes&quot;,&quot;_ob_shadough_use&quot;:&quot;no&quot;,&quot;_ob_allow_hoveranimator&quot;:&quot;no&quot;,&quot;_ob_widget_stalker_use&quot;:&quot;no&quot;}\" data-widget_type=\"text-editor.default\">\n\t\t\t\t<div class=\"elementor-widget-container\">\n\t\t\t\t\t\t\t\t\t<p class=\"text-align-left font-scale-5 line-height-scale-6 gutter-bottom-14\"><strong>Berufsbezeichnung: Interim Manager \u00a0<\/strong><\/p><p class=\"text-align-left font-scale-4 line-height-scale-6 gutter-bottom-1\">Der Beruf des Interim Managers unterliegt in Deutschland keiner gesetzlich fixierten Berufsordnung und keinem Berufsbezeichnungsschutz. Diese Bezeichnungen kann jeder f\u00fchren, unabh\u00e4ngig von Qualifikation und Erfahrung. F\u00fcr den Klienten ist die Mitgliedschaft in der Dachgesellschaft deutsches Interim Management (DDIM) Signal daf\u00fcr, mit einem seri\u00f6sen, zuverl\u00e4ssigen und kompetenten Interim Manager zusammenzuarbeiten. \u00a0<\/p>\t\t\t\t\t\t\t\t<\/div>\n\t\t\t\t<\/div>\n\t\t\t\t\t<\/div>\n\t\t<\/div>\n\t\t\t\t<div class=\"elementor-column elementor-col-50 elementor-top-column elementor-element elementor-element-84c3061\" data-id=\"84c3061\" data-element_type=\"column\" data-e-type=\"column\" data-settings=\"{&quot;_ob_bbad_is_stalker&quot;:&quot;no&quot;,&quot;_ob_teleporter_use&quot;:false,&quot;_ob_column_hoveranimator&quot;:&quot;no&quot;,&quot;_ob_column_has_pseudo&quot;:&quot;no&quot;}\">\n\t\t\t<div class=\"elementor-widget-wrap elementor-element-populated\">\n\t\t\t\t\t\t<div class=\"elementor-element elementor-element-2de0cfc ob-harakiri-inherit ob-has-background-overlay elementor-widget elementor-widget-text-editor\" data-id=\"2de0cfc\" data-element_type=\"widget\" data-e-type=\"widget\" data-settings=\"{&quot;_ob_use_harakiri&quot;:&quot;yes&quot;,&quot;_ob_harakiri_writing_mode&quot;:&quot;inherit&quot;,&quot;_ob_postman_use&quot;:&quot;no&quot;,&quot;_ob_perspektive_use&quot;:&quot;no&quot;,&quot;_ob_poopart_use&quot;:&quot;yes&quot;,&quot;_ob_shadough_use&quot;:&quot;no&quot;,&quot;_ob_allow_hoveranimator&quot;:&quot;no&quot;,&quot;_ob_widget_stalker_use&quot;:&quot;no&quot;}\" data-widget_type=\"text-editor.default\">\n\t\t\t\t<div class=\"elementor-widget-container\">\n\t\t\t\t\t\t\t\t\t<p class=\"text-align-left font-scale-5 line-height-scale-6 gutter-bottom-14\"><strong>Berufsbezeichnung: Unternehmensberater \u00a0<\/strong><\/p><p class=\"text-align-left font-scale-4 line-height-scale-6 gutter-bottom-1\">Der Beruf des Unternehmensberaters unterliegt in Deutschland keiner gesetzlich fixierten Berufsordnung und keinem Berufsbezeichnungsschutz. Diese Bezeichnungen kann jeder f\u00fchren, unabh\u00e4ngig von Qualifikation und Erfahrung. Anders sieht die Situation in \u00d6sterreich aus. Hier ist das Berufsbild gesetzlich geregelt. Die gesetzlichen Anforderungen wurden von mir in Form einer schriftlichen und m\u00fcndlichen Pr\u00fcfung best\u00e4tigt (Wirtschaftkammer Wien). Die regelm\u00e4\u00dfige Pr\u00fcfung von Beh\u00f6rden in \u00d6sterreich wird sichergestellt. \u00a0<\/p>\t\t\t\t\t\t\t\t<\/div>\n\t\t\t\t<\/div>\n\t\t\t\t\t<\/div>\n\t\t<\/div>\n\t\t\t\t\t<\/div>\n\t\t<\/section>\n\t\t\t\t<\/div>","protected":false},"excerpt":{"rendered":"<p>Impressum Angaben gem\u00e4\u00df \u00a7 5 TMG: \u00a0 Markus Suppinger Suppinger Interim Management Gr\u00e4slberg 4bD-93155 Hemau \u00a0 Kontakt: \u00a0 Telefon: +49 9491 9536655 Mobil: +49 151 64640064 E-Mail: m@suppinger.management \u00a0 Umsatzsteuer: \u00a0 Umsatzsteuer-Identifikationsnummer gem\u00e4\u00df \u00a727 a Umsatzsteuergesetz: DE 294767104 \u00a0 Angaben zur Berufshaftpflichtversicherung:\u00a0 Name und Sitz des Versicherers: Markel Insurance SESophienstrasse 26, 80333 M\u00fcnchen Geltungsraum der [&hellip;]<\/p>\n","protected":false},"author":3,"featured_media":0,"parent":0,"menu_order":0,"comment_status":"closed","ping_status":"closed","template":"","meta":{"content-type":"","footnotes":""},"folder":[],"class_list":["post-4151","page","type-page","status-publish","hentry"],"yoast_head":"<!-- This site is optimized with the Yoast SEO plugin v27.2 - https:\/\/yoast.com\/product\/yoast-seo-wordpress\/ -->\n<title>Impressum | Suppinger Interim Management<\/title>\n<meta name=\"robots\" content=\"index, follow, max-snippet:-1, max-image-preview:large, max-video-preview:-1\" \/>\n<link rel=\"canonical\" href=\"https:\/\/suppinger.management\/en\/impressum\/\" \/>\n<meta property=\"og:locale\" content=\"en_GB\" \/>\n<meta property=\"og:type\" content=\"article\" \/>\n<meta property=\"og:title\" content=\"Impressum | Suppinger Interim Management\" \/>\n<meta property=\"og:description\" content=\"Impressum Angaben gem\u00e4\u00df \u00a7 5 TMG: \u00a0 Markus Suppinger Suppinger Interim Management Gr\u00e4slberg 4bD-93155 Hemau \u00a0 Kontakt: \u00a0 Telefon: +49 9491 9536655 Mobil: +49 151 64640064 E-Mail: m@suppinger.management \u00a0 Umsatzsteuer: \u00a0 Umsatzsteuer-Identifikationsnummer gem\u00e4\u00df \u00a727 a Umsatzsteuergesetz: DE 294767104 \u00a0 Angaben zur Berufshaftpflichtversicherung:\u00a0 Name und Sitz des Versicherers: Markel Insurance SESophienstrasse 26, 80333 M\u00fcnchen Geltungsraum der [&hellip;]\" \/>\n<meta property=\"og:url\" content=\"https:\/\/suppinger.management\/en\/impressum\/\" \/>\n<meta property=\"og:site_name\" content=\"Suppinger Interim Management\" \/>\n<meta property=\"article:modified_time\" content=\"2024-10-02T07:26:53+00:00\" \/>\n<meta name=\"twitter:card\" content=\"summary_large_image\" \/>\n<meta name=\"twitter:label1\" content=\"Estimated reading time\" \/>\n\t<meta name=\"twitter:data1\" content=\"3 minutes\" \/>\n<script type=\"application\/ld+json\" class=\"yoast-schema-graph\">{\"@context\":\"https:\/\/schema.org\",\"@graph\":[{\"@type\":\"WebPage\",\"@id\":\"https:\/\/suppinger.management\/impressum\/\",\"url\":\"https:\/\/suppinger.management\/impressum\/\",\"name\":\"Impressum | Suppinger Interim Management\",\"isPartOf\":{\"@id\":\"https:\/\/suppinger.management\/#website\"},\"datePublished\":\"2023-08-18T11:48:45+00:00\",\"dateModified\":\"2024-10-02T07:26:53+00:00\",\"breadcrumb\":{\"@id\":\"https:\/\/suppinger.management\/impressum\/#breadcrumb\"},\"inLanguage\":\"en-GB\",\"potentialAction\":[{\"@type\":\"ReadAction\",\"target\":[\"https:\/\/suppinger.management\/impressum\/\"]}]},{\"@type\":\"BreadcrumbList\",\"@id\":\"https:\/\/suppinger.management\/impressum\/#breadcrumb\",\"itemListElement\":[{\"@type\":\"ListItem\",\"position\":1,\"name\":\"Startseite\",\"item\":\"https:\/\/suppinger.management\/\"},{\"@type\":\"ListItem\",\"position\":2,\"name\":\"Impressum\"}]},{\"@type\":\"WebSite\",\"@id\":\"https:\/\/suppinger.management\/#website\",\"url\":\"https:\/\/suppinger.management\/\",\"name\":\"Suppinger Interim Management\",\"description\":\"Struktur f&uuml;r Ihr Business\",\"publisher\":{\"@id\":\"https:\/\/suppinger.management\/#organization\"},\"potentialAction\":[{\"@type\":\"SearchAction\",\"target\":{\"@type\":\"EntryPoint\",\"urlTemplate\":\"https:\/\/suppinger.management\/?s={search_term_string}\"},\"query-input\":{\"@type\":\"PropertyValueSpecification\",\"valueRequired\":true,\"valueName\":\"search_term_string\"}}],\"inLanguage\":\"en-GB\"},{\"@type\":\"Organization\",\"@id\":\"https:\/\/suppinger.management\/#organization\",\"name\":\"Suppinger Interim Management\",\"url\":\"https:\/\/suppinger.management\/\",\"logo\":{\"@type\":\"ImageObject\",\"inLanguage\":\"en-GB\",\"@id\":\"https:\/\/suppinger.management\/#\/schema\/logo\/image\/\",\"url\":\"https:\/\/suppinger.management\/wp-content\/uploads\/2023\/08\/2023_10_31_SUPPINGER_Logo_CMYK_neu_HD-02.png\",\"contentUrl\":\"https:\/\/suppinger.management\/wp-content\/uploads\/2023\/08\/2023_10_31_SUPPINGER_Logo_CMYK_neu_HD-02.png\",\"width\":1821,\"height\":422,\"caption\":\"Suppinger Interim Management\"},\"image\":{\"@id\":\"https:\/\/suppinger.management\/#\/schema\/logo\/image\/\"}}]}<\/script>\n<!-- \/ Yoast SEO plugin. -->","yoast_head_json":{"title":"Impressum | Suppinger Interim Management","robots":{"index":"index","follow":"follow","max-snippet":"max-snippet:-1","max-image-preview":"max-image-preview:large","max-video-preview":"max-video-preview:-1"},"canonical":"https:\/\/suppinger.management\/en\/impressum\/","og_locale":"en_GB","og_type":"article","og_title":"Impressum | Suppinger Interim Management","og_description":"Impressum Angaben gem\u00e4\u00df \u00a7 5 TMG: \u00a0 Markus Suppinger Suppinger Interim Management Gr\u00e4slberg 4bD-93155 Hemau \u00a0 Kontakt: \u00a0 Telefon: +49 9491 9536655 Mobil: +49 151 64640064 E-Mail: m@suppinger.management \u00a0 Umsatzsteuer: \u00a0 Umsatzsteuer-Identifikationsnummer gem\u00e4\u00df \u00a727 a Umsatzsteuergesetz: DE 294767104 \u00a0 Angaben zur Berufshaftpflichtversicherung:\u00a0 Name und Sitz des Versicherers: Markel Insurance SESophienstrasse 26, 80333 M\u00fcnchen Geltungsraum der [&hellip;]","og_url":"https:\/\/suppinger.management\/en\/impressum\/","og_site_name":"Suppinger Interim Management","article_modified_time":"2024-10-02T07:26:53+00:00","twitter_card":"summary_large_image","twitter_misc":{"Estimated reading time":"3 minutes"},"schema":{"@context":"https:\/\/schema.org","@graph":[{"@type":"WebPage","@id":"https:\/\/suppinger.management\/impressum\/","url":"https:\/\/suppinger.management\/impressum\/","name":"Impressum | Suppinger Interim Management","isPartOf":{"@id":"https:\/\/suppinger.management\/#website"},"datePublished":"2023-08-18T11:48:45+00:00","dateModified":"2024-10-02T07:26:53+00:00","breadcrumb":{"@id":"https:\/\/suppinger.management\/impressum\/#breadcrumb"},"inLanguage":"en-GB","potentialAction":[{"@type":"ReadAction","target":["https:\/\/suppinger.management\/impressum\/"]}]},{"@type":"BreadcrumbList","@id":"https:\/\/suppinger.management\/impressum\/#breadcrumb","itemListElement":[{"@type":"ListItem","position":1,"name":"Startseite","item":"https:\/\/suppinger.management\/"},{"@type":"ListItem","position":2,"name":"Impressum"}]},{"@type":"WebSite","@id":"https:\/\/suppinger.management\/#website","url":"https:\/\/suppinger.management\/","name":"Suppinger Interim Management","description":"Struktur f&uuml;r Ihr Business","publisher":{"@id":"https:\/\/suppinger.management\/#organization"},"potentialAction":[{"@type":"SearchAction","target":{"@type":"EntryPoint","urlTemplate":"https:\/\/suppinger.management\/?s={search_term_string}"},"query-input":{"@type":"PropertyValueSpecification","valueRequired":true,"valueName":"search_term_string"}}],"inLanguage":"en-GB"},{"@type":"Organization","@id":"https:\/\/suppinger.management\/#organization","name":"Suppinger Interim Management","url":"https:\/\/suppinger.management\/","logo":{"@type":"ImageObject","inLanguage":"en-GB","@id":"https:\/\/suppinger.management\/#\/schema\/logo\/image\/","url":"https:\/\/suppinger.management\/wp-content\/uploads\/2023\/08\/2023_10_31_SUPPINGER_Logo_CMYK_neu_HD-02.png","contentUrl":"https:\/\/suppinger.management\/wp-content\/uploads\/2023\/08\/2023_10_31_SUPPINGER_Logo_CMYK_neu_HD-02.png","width":1821,"height":422,"caption":"Suppinger Interim Management"},"image":{"@id":"https:\/\/suppinger.management\/#\/schema\/logo\/image\/"}}]}},"_links":{"self":[{"href":"https:\/\/suppinger.management\/en\/wp-json\/wp\/v2\/pages\/4151","targetHints":{"allow":["GET"]}}],"collection":[{"href":"https:\/\/suppinger.management\/en\/wp-json\/wp\/v2\/pages"}],"about":[{"href":"https:\/\/suppinger.management\/en\/wp-json\/wp\/v2\/types\/page"}],"author":[{"embeddable":true,"href":"https:\/\/suppinger.management\/en\/wp-json\/wp\/v2\/users\/3"}],"replies":[{"embeddable":true,"href":"https:\/\/suppinger.management\/en\/wp-json\/wp\/v2\/comments?post=4151"}],"version-history":[{"count":10,"href":"https:\/\/suppinger.management\/en\/wp-json\/wp\/v2\/pages\/4151\/revisions"}],"predecessor-version":[{"id":7269,"href":"https:\/\/suppinger.management\/en\/wp-json\/wp\/v2\/pages\/4151\/revisions\/7269"}],"wp:attachment":[{"href":"https:\/\/suppinger.management\/en\/wp-json\/wp\/v2\/media?parent=4151"}],"wp:term":[{"taxonomy":"folder","embeddable":true,"href":"https:\/\/suppinger.management\/en\/wp-json\/wp\/v2\/folder?post=4151"}],"curies":[{"name":"wp","href":"https:\/\/api.w.org\/{rel}","templated":true}]}}